{"id":314,"date":"2019-07-04T23:08:19","date_gmt":"2019-07-04T21:08:19","guid":{"rendered":"https:\/\/sonar.vm18.lan\/?page_id=314"},"modified":"2019-07-13T22:53:13","modified_gmt":"2019-07-13T20:53:13","slug":"uebersonar-historie","status":"publish","type":"page","link":"https:\/\/www.sonar-gmbh.com\/?page_id=314","title":{"rendered":"UeberSonar &#8211; Historie"},"content":{"rendered":"\n<div class=\"main-container\" style=\"background-image: url('\/wp-content\/uploads\/2019\/07\/ueber_historie.jpg');\">\n<div class=\"intro\" id=\"intro\" style=\"top: 120px; left: 580px;\"><h1>Wer seit \u00fcber zwei<br>Jahrzehnten,<\/h1>\n<h2>erfolgreich Personal- und Unternehmensberatung<\/h2><h1>betreibt<\/h1><h2>hat Kompetenz und Know-How bewiesen!<\/h2><a onclick=\"document.getElementById('intro').style.display='none'; document.getElementById('overlay').style.display='block';\" href=\"#\">Weiterlesen&#8230;<\/a><\/div>\n<div class=\"overlay\" id=\"overlay\" style=\"display: none\"><h3>Die Geschichte von Sonar<\/h3>Synergieeffekte aus unterschiedlichen Ausbildungen, Branchen, Erfahrungen und Funktionen zu generieren und dies als Dienstleistung anzubieten war vor 23 Jahren die Idee, aus der Sonar entstand.<br><br>\nF\u00fcnf Gr\u00fcndungsmitglieder haben seinerzeit diese Idee realisiert und dann 1995 die SONAR GmbH gegr\u00fcndet. Schwerpunkt war die Personalberatung. Sonar fokussiert sich von Anbeginn auf die europ\u00e4ischen M\u00e4rkte, wickelt aber auf Kundenwunsch auch Projekte in aussereurop\u00e4ischen M\u00e4rkten ab. Im Laufe der Jahre hat sich das Team mehrfach ver\u00e4ndert und verst\u00e4rkt. Die Ma\u00dfgabe jedoch sowohl in Qualifikation und Spezialisierung, interdisziplin\u00e4r mit einem Team aus Geistes-, Sozial- und Naturwissenschaftlern sowie Kaufleuten beraten zu k\u00f6nnen, hat Sonar konsequent beibehalten. Alle Berater von Sonar verf\u00fcgen \u00fcber Gesch\u00e4ftsf\u00fchrungs- und Managementerfahrung in mittelst\u00e4ndischen und Gro\u00dfunternehmen und sind mittlerweile seit Jahren erfolgreich als Berater t\u00e4tig.<br><br><br><img decoding=\"async\" src=\"\/wp-content\/uploads\/2019\/07\/main_container_close.png\">&nbsp;<a onclick=\"document.getElementById('intro').style.display='block'; document.getElementById('overlay').style.display='none';\" href=\"#\">zur\u00fcck<\/a>&nbsp;&nbsp;&nbsp;&nbsp;<img decoding=\"async\" src=\"\/wp-content\/uploads\/2019\/07\/main_container_kontakt.png\">&nbsp;<a title=\"eMail an die SONAR GmbH\" href=\"mailto:sonar@sonar-gmbh.com\">Kontakt<\/a><\/div><\/div>\n","protected":false},"excerpt":{"rendered":"<p>Wer seit \u00fcber zweiJahrzehnten, erfolgreich Personal- und Unternehmensberatungbetreibthat Kompetenz und Know-How bewiesen!Weiterlesen&#8230; Die Geschichte von SonarSynergieeffekte aus unterschiedlichen Ausbildungen, Branchen, Erfahrungen und Funktionen zu generieren und dies als Dienstleistung anzubieten war vor 23 Jahren die Idee, aus der Sonar entstand. F\u00fcnf Gr\u00fcndungsmitglieder haben seinerzeit diese Idee realisiert und dann 1995 die SONAR GmbH gegr\u00fcndet. Schwerpunkt [&hellip;]<\/p>\n","protected":false},"author":1,"featured_media":0,"parent":0,"menu_order":0,"comment_status":"closed","ping_status":"closed","template":"","meta":{"footnotes":""},"class_list":["post-314","page","type-page","status-publish","hentry"],"aioseo_notices":[],"_links":{"self":[{"href":"https:\/\/www.sonar-gmbh.com\/index.php?rest_route=\/wp\/v2\/pages\/314","targetHints":{"allow":["GET"]}}],"collection":[{"href":"https:\/\/www.sonar-gmbh.com\/index.php?rest_route=\/wp\/v2\/pages"}],"about":[{"href":"https:\/\/www.sonar-gmbh.com\/index.php?rest_route=\/wp\/v2\/types\/page"}],"author":[{"embeddable":true,"href":"https:\/\/www.sonar-gmbh.com\/index.php?rest_route=\/wp\/v2\/users\/1"}],"replies":[{"embeddable":true,"href":"https:\/\/www.sonar-gmbh.com\/index.php?rest_route=%2Fwp%2Fv2%2Fcomments&post=314"}],"version-history":[{"count":14,"href":"https:\/\/www.sonar-gmbh.com\/index.php?rest_route=\/wp\/v2\/pages\/314\/revisions"}],"predecessor-version":[{"id":467,"href":"https:\/\/www.sonar-gmbh.com\/index.php?rest_route=\/wp\/v2\/pages\/314\/revisions\/467"}],"wp:attachment":[{"href":"https:\/\/www.sonar-gmbh.com\/index.php?rest_route=%2Fwp%2Fv2%2Fmedia&parent=314"}],"curies":[{"name":"wp","href":"https:\/\/api.w.org\/{rel}","templated":true}]}}