{"id":9,"date":"2019-06-22T15:33:49","date_gmt":"2019-06-22T13:33:49","guid":{"rendered":"https:\/\/wp-sonar.vm18.lan\/?page_id=9"},"modified":"2019-07-16T00:50:01","modified_gmt":"2019-07-15T22:50:01","slug":"unternehmensberatung-mitarbeiterbindung","status":"publish","type":"page","link":"https:\/\/www.sonar-gmbh.com\/?page_id=9","title":{"rendered":"Unternehmensberatung &#8211; Mitarbeiterbindung &#8211; OBSOLETE"},"content":{"rendered":"\n<div class=\"main-container\" style=\"background-image: url('\/wp-content\/uploads\/2019\/06\/ub_mitarbeiterbindung.jpg');\"><div class=\"intro\" id=\"intro\" style=\"top: 230px; left: 450px;\"><h1>Mitarbeiterbindung ist der gelebte<br>Erfolg<br><\/h1>\n<h2>von Arbeitgeber und Arbeitnehmer auf der Basis<\/h2><h1>gegenseitigen Vertrauens<\/h1><a onclick=\"document.getElementById('intro').style.display='none'; document.getElementById('overlay').style.display='block';\" href=\"#\">Weiterlesen&#8230;<\/a><\/div>\n<div class=\"overlay\" id=\"overlay\" style=\"display: none\"><h3>Mitarbeiterbindung<\/h3>\nVertrauen entsteht durch Zuverl\u00e4ssigkeit, offene Kommunikation und gemeinsame Werte und Ziele.<br><br>\nMitarbeiter f\u00fchlen sich ihrem Unternehmen verbunden und sind loyal, wenn dies t\u00e4glich erlebbar und sp\u00fcrbar ist. Es ist Aufgabe der F\u00fchrungskr\u00e4fte, dieses Gef\u00fchl zu vermitteln und die passende Atmosph\u00e4re zu schaffen. Immer wieder stellt sich der verantwortungsbewussten Unternehmensleitung die Frage, wie sie Mitarbeiter langfristig an das Unternehmen binden kann. Nicht nur weil es teuer ist, Leistungstr\u00e4ger zu ersetzen, sondern auch weil Loyalit\u00e4t Teil des Unternehmensimages und somit ein Mittel des Marketings und der Kommunikation ist.<br>\nAllerdings ist es nicht damit getan, den Mitarbeitern in mehr oder weniger regelm\u00e4\u00dfigen Abst\u00e4nden eine Gehaltserh\u00f6hung oder einen Bonus zuzugestehen: Verantwortung delegieren, Entscheidungen zugestehen, den \u201eUnternehmer im Unternehmen\u201c f\u00f6rdern und fordern: Das sind einige der m\u00f6glichen und notwendigen Ma\u00dfnahmen, um eine Unternehmenskultur zu schaffen und zu erhalten die Ihre Firma zu einem attraktiven Arbeitgeber macht. Wir zeigen Ihnen auf was Sie tun k\u00f6nnen um die Fluktuation innerhalb des Unternehmens signifikant zu reduzieren.<br><br><br><img decoding=\"async\" src=\"\/wp-content\/uploads\/2019\/07\/main_container_close.png\">&nbsp;<a onclick=\"document.getElementById('intro').style.display='block'; document.getElementById('overlay').style.display='none';\" href=\"#\">zur\u00fcck<\/a>&nbsp;&nbsp;&nbsp;&nbsp;<img decoding=\"async\" src=\"\/wp-content\/uploads\/2019\/07\/main_container_kontakt.png\">&nbsp;<a title=\"eMail an die SONAR GmbH\" href=\"mailto:sonar@sonar-gmbh.com\">Kontakt<\/a><\/div><\/div>\n\n\n\n<p><\/p>\n","protected":false},"excerpt":{"rendered":"<p>Mitarbeiterbindung ist der gelebteErfolg von Arbeitgeber und Arbeitnehmer auf der Basisgegenseitigen VertrauensWeiterlesen&#8230; Mitarbeiterbindung Vertrauen entsteht durch Zuverl\u00e4ssigkeit, offene Kommunikation und gemeinsame Werte und Ziele. Mitarbeiter f\u00fchlen sich ihrem Unternehmen verbunden und sind loyal, wenn dies t\u00e4glich erlebbar und sp\u00fcrbar ist. Es ist Aufgabe der F\u00fchrungskr\u00e4fte, dieses Gef\u00fchl zu vermitteln und die passende Atmosph\u00e4re zu schaffen. [&hellip;]<\/p>\n","protected":false},"author":1,"featured_media":0,"parent":0,"menu_order":0,"comment_status":"closed","ping_status":"closed","template":"","meta":{"footnotes":""},"class_list":["post-9","page","type-page","status-publish","hentry"],"aioseo_notices":[],"_links":{"self":[{"href":"https:\/\/www.sonar-gmbh.com\/index.php?rest_route=\/wp\/v2\/pages\/9","targetHints":{"allow":["GET"]}}],"collection":[{"href":"https:\/\/www.sonar-gmbh.com\/index.php?rest_route=\/wp\/v2\/pages"}],"about":[{"href":"https:\/\/www.sonar-gmbh.com\/index.php?rest_route=\/wp\/v2\/types\/page"}],"author":[{"embeddable":true,"href":"https:\/\/www.sonar-gmbh.com\/index.php?rest_route=\/wp\/v2\/users\/1"}],"replies":[{"embeddable":true,"href":"https:\/\/www.sonar-gmbh.com\/index.php?rest_route=%2Fwp%2Fv2%2Fcomments&post=9"}],"version-history":[{"count":66,"href":"https:\/\/www.sonar-gmbh.com\/index.php?rest_route=\/wp\/v2\/pages\/9\/revisions"}],"predecessor-version":[{"id":605,"href":"https:\/\/www.sonar-gmbh.com\/index.php?rest_route=\/wp\/v2\/pages\/9\/revisions\/605"}],"wp:attachment":[{"href":"https:\/\/www.sonar-gmbh.com\/index.php?rest_route=%2Fwp%2Fv2%2Fmedia&parent=9"}],"curies":[{"name":"wp","href":"https:\/\/api.w.org\/{rel}","templated":true}]}}